{"id":4768,"date":"2021-10-01T10:51:20","date_gmt":"2021-10-01T08:51:20","guid":{"rendered":"https:\/\/ocardoo.com\/?post_type=product&#038;p=4768"},"modified":"2022-02-11T13:58:17","modified_gmt":"2022-02-11T12:58:17","slug":"emoji-pruefung-bestanden","status":"publish","type":"product","link":"https:\/\/ocardoo.com\/en\/product\/emoji-pruefung-bestanden\/","title":{"rendered":"&#8222;Hurra &#8211; Pr\u00fcfung bestanden&#8220; Gru\u00dfkarte zur bestandenen Pr\u00fcfung Emoji"},"content":{"rendered":"","protected":false},"excerpt":{"rendered":"","protected":false},"author":5,"featured_media":4771,"comment_status":"open","ping_status":"closed","template":"","meta":{"_acf_changed":false,"inline_featured_image":false,"footnotes":""},"product_cat":[79,156],"product_tag":[263,224],"class_list":["post-4768","product","type-product","status-publish","has-post-thumbnail","hentry","product_cat-gratulation","product_cat-pruefung","product_tag-emoji","product_tag-pruefung","pa_variante-basic","pa_variante-premium"],"acf":[],"_links":{"self":[{"href":"https:\/\/ocardoo.com\/en\/wp-json\/wp\/v2\/product\/4768","targetHints":{"allow":["GET"]}}],"collection":[{"href":"https:\/\/ocardoo.com\/en\/wp-json\/wp\/v2\/product"}],"about":[{"href":"https:\/\/ocardoo.com\/en\/wp-json\/wp\/v2\/types\/product"}],"author":[{"embeddable":true,"href":"https:\/\/ocardoo.com\/en\/wp-json\/wp\/v2\/users\/5"}],"replies":[{"embeddable":true,"href":"https:\/\/ocardoo.com\/en\/wp-json\/wp\/v2\/comments?post=4768"}],"version-history":[{"count":3,"href":"https:\/\/ocardoo.com\/en\/wp-json\/wp\/v2\/product\/4768\/revisions"}],"predecessor-version":[{"id":6776,"href":"https:\/\/ocardoo.com\/en\/wp-json\/wp\/v2\/product\/4768\/revisions\/6776"}],"wp:featuredmedia":[{"embeddable":true,"href":"https:\/\/ocardoo.com\/en\/wp-json\/wp\/v2\/media\/4771"}],"wp:attachment":[{"href":"https:\/\/ocardoo.com\/en\/wp-json\/wp\/v2\/media?parent=4768"}],"wp:term":[{"taxonomy":"product_cat","embeddable":true,"href":"https:\/\/ocardoo.com\/en\/wp-json\/wp\/v2\/product_cat?post=4768"},{"taxonomy":"product_tag","embeddable":true,"href":"https:\/\/ocardoo.com\/en\/wp-json\/wp\/v2\/product_tag?post=4768"}],"curies":[{"name":"wp","href":"https:\/\/api.w.org\/{rel}","templated":true}]}}