{"id":4772,"date":"2021-10-01T10:55:20","date_gmt":"2021-10-01T08:55:20","guid":{"rendered":"https:\/\/ocardoo.com\/?post_type=product&#038;p=4772"},"modified":"2022-05-30T10:15:20","modified_gmt":"2022-05-30T08:15:20","slug":"hurra-pruefung-bestanden-glueckwunsch","status":"publish","type":"product","link":"https:\/\/ocardoo.com\/en\/product\/hurra-pruefung-bestanden-glueckwunsch\/","title":{"rendered":"Gl\u00fcckwunschkarte zur bestanden Pr\u00fcfung im Gold-Look &#8222;Hurra &#8211; Pr\u00fcfung bestanden&#8220;"},"content":{"rendered":"<p>Your friend has slaved away, foregone parties, spent every free minute with his nose in the textbooks, and often decried the long dry spell. But now he's done it: he's passed his exams and can start a new chapter in his life.<\/p>\n<p>Those who studied so diligently and gave up so much for the great goal deserve great recognition and praise.<br \/>\nShow him how happy you are for him and how much you have been rooting for him by sending your thoughts, memories and congratulations in a very personal digital congratulations card. \"Hooray, exam passed - congratulations\" - you can decorate the digital congratulations with pictures from your school career and personal anecdotes. Go on a journey through time together. And now it's finally done!<\/p>\n<p>Zeige wie stolz du auf den bestanden Pr\u00fcfling bist mit <strong>Ocardoo<\/strong> - Simple. Different. Individual.<\/p>","protected":false},"excerpt":{"rendered":"<p>Whether it's for graduation, a driving licence or further education; a passed exam needs to be duly congratulated.<\/p>","protected":false},"author":5,"featured_media":4775,"comment_status":"open","ping_status":"closed","template":"","meta":{"_acf_changed":false,"inline_featured_image":false,"footnotes":""},"product_cat":[79,156],"product_tag":[225,218,224],"class_list":["post-4772","product","type-product","status-publish","has-post-thumbnail","hentry","product_cat-gratulation","product_cat-pruefung","product_tag-gratulieren","product_tag-grusskarte","product_tag-pruefung","pa_variante-basic","pa_variante-premium"],"acf":[],"_links":{"self":[{"href":"https:\/\/ocardoo.com\/en\/wp-json\/wp\/v2\/product\/4772","targetHints":{"allow":["GET"]}}],"collection":[{"href":"https:\/\/ocardoo.com\/en\/wp-json\/wp\/v2\/product"}],"about":[{"href":"https:\/\/ocardoo.com\/en\/wp-json\/wp\/v2\/types\/product"}],"author":[{"embeddable":true,"href":"https:\/\/ocardoo.com\/en\/wp-json\/wp\/v2\/users\/5"}],"replies":[{"embeddable":true,"href":"https:\/\/ocardoo.com\/en\/wp-json\/wp\/v2\/comments?post=4772"}],"version-history":[{"count":5,"href":"https:\/\/ocardoo.com\/en\/wp-json\/wp\/v2\/product\/4772\/revisions"}],"predecessor-version":[{"id":6777,"href":"https:\/\/ocardoo.com\/en\/wp-json\/wp\/v2\/product\/4772\/revisions\/6777"}],"wp:featuredmedia":[{"embeddable":true,"href":"https:\/\/ocardoo.com\/en\/wp-json\/wp\/v2\/media\/4775"}],"wp:attachment":[{"href":"https:\/\/ocardoo.com\/en\/wp-json\/wp\/v2\/media?parent=4772"}],"wp:term":[{"taxonomy":"product_cat","embeddable":true,"href":"https:\/\/ocardoo.com\/en\/wp-json\/wp\/v2\/product_cat?post=4772"},{"taxonomy":"product_tag","embeddable":true,"href":"https:\/\/ocardoo.com\/en\/wp-json\/wp\/v2\/product_tag?post=4772"}],"curies":[{"name":"wp","href":"https:\/\/api.w.org\/{rel}","templated":true}]}}