{"id":4820,"date":"2021-10-01T11:45:45","date_gmt":"2021-10-01T09:45:45","guid":{"rendered":"https:\/\/ocardoo.com\/?post_type=product&#038;p=4820"},"modified":"2022-11-10T10:51:18","modified_gmt":"2022-11-10T09:51:18","slug":"die-besten-wuensche-zur-hochzeit-3","status":"publish","type":"product","link":"https:\/\/ocardoo.com\/en\/product\/die-besten-wuensche-zur-hochzeit-3\/","title":{"rendered":"&#8222;With LOVE&#8220; Gruppen-Gru\u00dfkarte zur Hochzeit &#8222;Die besten Gl\u00fcckw\u00fcnsche zur Hochzeit\u201d"},"content":{"rendered":"","protected":false},"excerpt":{"rendered":"","protected":false},"author":5,"featured_media":4823,"comment_status":"open","ping_status":"closed","template":"","meta":{"_acf_changed":false,"inline_featured_image":false,"footnotes":""},"product_cat":[63,168],"product_tag":[299,221,222,298],"class_list":["post-4820","product","type-product","status-publish","has-post-thumbnail","hentry","product_cat-hochzeit","product_cat-mr-mrs","product_tag-gruppengrusskarte","product_tag-hochzeit","product_tag-hochzeitsgrusskarte","product_tag-wedding","pa_variante-basic","pa_variante-premium"],"acf":[],"_links":{"self":[{"href":"https:\/\/ocardoo.com\/en\/wp-json\/wp\/v2\/product\/4820","targetHints":{"allow":["GET"]}}],"collection":[{"href":"https:\/\/ocardoo.com\/en\/wp-json\/wp\/v2\/product"}],"about":[{"href":"https:\/\/ocardoo.com\/en\/wp-json\/wp\/v2\/types\/product"}],"author":[{"embeddable":true,"href":"https:\/\/ocardoo.com\/en\/wp-json\/wp\/v2\/users\/5"}],"replies":[{"embeddable":true,"href":"https:\/\/ocardoo.com\/en\/wp-json\/wp\/v2\/comments?post=4820"}],"version-history":[{"count":4,"href":"https:\/\/ocardoo.com\/en\/wp-json\/wp\/v2\/product\/4820\/revisions"}],"predecessor-version":[{"id":9533,"href":"https:\/\/ocardoo.com\/en\/wp-json\/wp\/v2\/product\/4820\/revisions\/9533"}],"wp:featuredmedia":[{"embeddable":true,"href":"https:\/\/ocardoo.com\/en\/wp-json\/wp\/v2\/media\/4823"}],"wp:attachment":[{"href":"https:\/\/ocardoo.com\/en\/wp-json\/wp\/v2\/media?parent=4820"}],"wp:term":[{"taxonomy":"product_cat","embeddable":true,"href":"https:\/\/ocardoo.com\/en\/wp-json\/wp\/v2\/product_cat?post=4820"},{"taxonomy":"product_tag","embeddable":true,"href":"https:\/\/ocardoo.com\/en\/wp-json\/wp\/v2\/product_tag?post=4820"}],"curies":[{"name":"wp","href":"https:\/\/api.w.org\/{rel}","templated":true}]}}