{"id":4832,"date":"2021-10-01T11:57:05","date_gmt":"2021-10-01T09:57:05","guid":{"rendered":"https:\/\/ocardoo.com\/?post_type=product&#038;p=4832"},"modified":"2022-02-13T15:09:17","modified_gmt":"2022-02-13T14:09:17","slug":"lesbische-hochzeit-blumen","status":"publish","type":"product","link":"https:\/\/ocardoo.com\/en\/product\/lesbische-hochzeit-blumen\/","title":{"rendered":"Gl\u00fcckw\u00fcnsche zur Lesbenhochzeit &#8222;Hochzeit &#8211; Die besten W\u00fcnsche&#8220;"},"content":{"rendered":"","protected":false},"excerpt":{"rendered":"","protected":false},"author":5,"featured_media":4835,"comment_status":"open","ping_status":"closed","template":"","meta":{"_acf_changed":false,"inline_featured_image":false,"footnotes":""},"product_cat":[63,93],"product_tag":[307],"class_list":["post-4832","product","type-product","status-publish","has-post-thumbnail","hentry","product_cat-hochzeit","product_cat-mrs-mrs","product_tag-lesbenhochzeit","pa_variante-basic","pa_variante-premium"],"acf":[],"_links":{"self":[{"href":"https:\/\/ocardoo.com\/en\/wp-json\/wp\/v2\/product\/4832","targetHints":{"allow":["GET"]}}],"collection":[{"href":"https:\/\/ocardoo.com\/en\/wp-json\/wp\/v2\/product"}],"about":[{"href":"https:\/\/ocardoo.com\/en\/wp-json\/wp\/v2\/types\/product"}],"author":[{"embeddable":true,"href":"https:\/\/ocardoo.com\/en\/wp-json\/wp\/v2\/users\/5"}],"replies":[{"embeddable":true,"href":"https:\/\/ocardoo.com\/en\/wp-json\/wp\/v2\/comments?post=4832"}],"version-history":[{"count":3,"href":"https:\/\/ocardoo.com\/en\/wp-json\/wp\/v2\/product\/4832\/revisions"}],"predecessor-version":[{"id":6818,"href":"https:\/\/ocardoo.com\/en\/wp-json\/wp\/v2\/product\/4832\/revisions\/6818"}],"wp:featuredmedia":[{"embeddable":true,"href":"https:\/\/ocardoo.com\/en\/wp-json\/wp\/v2\/media\/4835"}],"wp:attachment":[{"href":"https:\/\/ocardoo.com\/en\/wp-json\/wp\/v2\/media?parent=4832"}],"wp:term":[{"taxonomy":"product_cat","embeddable":true,"href":"https:\/\/ocardoo.com\/en\/wp-json\/wp\/v2\/product_cat?post=4832"},{"taxonomy":"product_tag","embeddable":true,"href":"https:\/\/ocardoo.com\/en\/wp-json\/wp\/v2\/product_tag?post=4832"}],"curies":[{"name":"wp","href":"https:\/\/api.w.org\/{rel}","templated":true}]}}