{"id":4844,"date":"2021-10-01T12:07:15","date_gmt":"2021-10-01T10:07:15","guid":{"rendered":"https:\/\/ocardoo.com\/?post_type=product&#038;p=4844"},"modified":"2022-02-13T14:57:49","modified_gmt":"2022-02-13T13:57:49","slug":"schwulenhochzeit-hand-in-hand","status":"publish","type":"product","link":"https:\/\/ocardoo.com\/en\/product\/schwulenhochzeit-hand-in-hand\/","title":{"rendered":"Gruppen- Gl\u00fcckwunschkarte zur Schwulenhochzeit &#8222;Hand in Hand ein Leben lang &#8211; Zur Hochzeit die besten Gl\u00fcckw\u00fcnsche&#8220;"},"content":{"rendered":"","protected":false},"excerpt":{"rendered":"","protected":false},"author":5,"featured_media":4847,"comment_status":"open","ping_status":"closed","template":"","meta":{"_acf_changed":false,"inline_featured_image":false,"footnotes":""},"product_cat":[63,94],"product_tag":[221,306],"class_list":["post-4844","product","type-product","status-publish","has-post-thumbnail","hentry","product_cat-hochzeit","product_cat-mr-mr","product_tag-hochzeit","product_tag-schwulenhochzeit","pa_variante-basic","pa_variante-premium"],"acf":[],"_links":{"self":[{"href":"https:\/\/ocardoo.com\/en\/wp-json\/wp\/v2\/product\/4844","targetHints":{"allow":["GET"]}}],"collection":[{"href":"https:\/\/ocardoo.com\/en\/wp-json\/wp\/v2\/product"}],"about":[{"href":"https:\/\/ocardoo.com\/en\/wp-json\/wp\/v2\/types\/product"}],"author":[{"embeddable":true,"href":"https:\/\/ocardoo.com\/en\/wp-json\/wp\/v2\/users\/5"}],"replies":[{"embeddable":true,"href":"https:\/\/ocardoo.com\/en\/wp-json\/wp\/v2\/comments?post=4844"}],"version-history":[{"count":2,"href":"https:\/\/ocardoo.com\/en\/wp-json\/wp\/v2\/product\/4844\/revisions"}],"predecessor-version":[{"id":6812,"href":"https:\/\/ocardoo.com\/en\/wp-json\/wp\/v2\/product\/4844\/revisions\/6812"}],"wp:featuredmedia":[{"embeddable":true,"href":"https:\/\/ocardoo.com\/en\/wp-json\/wp\/v2\/media\/4847"}],"wp:attachment":[{"href":"https:\/\/ocardoo.com\/en\/wp-json\/wp\/v2\/media?parent=4844"}],"wp:term":[{"taxonomy":"product_cat","embeddable":true,"href":"https:\/\/ocardoo.com\/en\/wp-json\/wp\/v2\/product_cat?post=4844"},{"taxonomy":"product_tag","embeddable":true,"href":"https:\/\/ocardoo.com\/en\/wp-json\/wp\/v2\/product_tag?post=4844"}],"curies":[{"name":"wp","href":"https:\/\/api.w.org\/{rel}","templated":true}]}}