{"id":5009,"date":"2021-10-05T09:53:23","date_gmt":"2021-10-05T07:53:23","guid":{"rendered":"https:\/\/ocardoo.com\/?post_type=product&#038;p=5009"},"modified":"2022-02-11T13:02:09","modified_gmt":"2022-02-11T12:02:09","slug":"die-besten-wuensche-zur-geschaeftseroeffnung-2","status":"publish","type":"product","link":"https:\/\/ocardoo.com\/en\/product\/die-besten-wuensche-zur-geschaeftseroeffnung-2\/","title":{"rendered":"Klassische Gruppen-Gl\u00fcckwunschkarte zur Gesch\u00e4ftser\u00f6ffnung &#8222;Die besten W\u00fcnsche zur Gesch\u00e4ftser\u00f6ffnung&#8220;"},"content":{"rendered":"","protected":false},"excerpt":{"rendered":"","protected":false},"author":5,"featured_media":5013,"comment_status":"open","ping_status":"closed","template":"","meta":{"_acf_changed":false,"inline_featured_image":false,"footnotes":""},"product_cat":[82,79],"product_tag":[240],"class_list":["post-5009","product","type-product","status-publish","has-post-thumbnail","hentry","product_cat-eroeffnung","product_cat-gratulation","product_tag-geschaeftseroeffnung","pa_variante-basic","pa_variante-premium"],"acf":[],"_links":{"self":[{"href":"https:\/\/ocardoo.com\/en\/wp-json\/wp\/v2\/product\/5009","targetHints":{"allow":["GET"]}}],"collection":[{"href":"https:\/\/ocardoo.com\/en\/wp-json\/wp\/v2\/product"}],"about":[{"href":"https:\/\/ocardoo.com\/en\/wp-json\/wp\/v2\/types\/product"}],"author":[{"embeddable":true,"href":"https:\/\/ocardoo.com\/en\/wp-json\/wp\/v2\/users\/5"}],"replies":[{"embeddable":true,"href":"https:\/\/ocardoo.com\/en\/wp-json\/wp\/v2\/comments?post=5009"}],"version-history":[{"count":4,"href":"https:\/\/ocardoo.com\/en\/wp-json\/wp\/v2\/product\/5009\/revisions"}],"predecessor-version":[{"id":6764,"href":"https:\/\/ocardoo.com\/en\/wp-json\/wp\/v2\/product\/5009\/revisions\/6764"}],"wp:featuredmedia":[{"embeddable":true,"href":"https:\/\/ocardoo.com\/en\/wp-json\/wp\/v2\/media\/5013"}],"wp:attachment":[{"href":"https:\/\/ocardoo.com\/en\/wp-json\/wp\/v2\/media?parent=5009"}],"wp:term":[{"taxonomy":"product_cat","embeddable":true,"href":"https:\/\/ocardoo.com\/en\/wp-json\/wp\/v2\/product_cat?post=5009"},{"taxonomy":"product_tag","embeddable":true,"href":"https:\/\/ocardoo.com\/en\/wp-json\/wp\/v2\/product_tag?post=5009"}],"curies":[{"name":"wp","href":"https:\/\/api.w.org\/{rel}","templated":true}]}}