{"id":5043,"date":"2021-10-07T09:50:15","date_gmt":"2021-10-07T07:50:15","guid":{"rendered":"https:\/\/ocardoo.com\/?post_type=product&#038;p=5043"},"modified":"2022-02-14T12:08:26","modified_gmt":"2022-02-14T11:08:26","slug":"danke-fuer-die-schoene-zeit","status":"publish","type":"product","link":"https:\/\/ocardoo.com\/en\/product\/danke-fuer-die-schoene-zeit\/","title":{"rendered":"\u201cDanke f\u00fcr die sch\u00f6ne Zeit und alles gute f\u00fcr die Zukunft\u201d &#8211; Abschiedskarte mit Blumen in Pastellfarben"},"content":{"rendered":"","protected":false},"excerpt":{"rendered":"","protected":false},"author":20,"featured_media":5046,"comment_status":"open","ping_status":"closed","template":"","meta":{"_acf_changed":false,"inline_featured_image":false,"footnotes":""},"product_cat":[85,84],"product_tag":[279],"class_list":["post-5043","product","type-product","status-publish","has-post-thumbnail","hentry","product_cat-abschied-verlaesst-unternehmen","product_cat-anlaesse","product_tag-abschied","pa_variante-basic","pa_variante-premium"],"acf":[],"_links":{"self":[{"href":"https:\/\/ocardoo.com\/en\/wp-json\/wp\/v2\/product\/5043","targetHints":{"allow":["GET"]}}],"collection":[{"href":"https:\/\/ocardoo.com\/en\/wp-json\/wp\/v2\/product"}],"about":[{"href":"https:\/\/ocardoo.com\/en\/wp-json\/wp\/v2\/types\/product"}],"author":[{"embeddable":true,"href":"https:\/\/ocardoo.com\/en\/wp-json\/wp\/v2\/users\/20"}],"replies":[{"embeddable":true,"href":"https:\/\/ocardoo.com\/en\/wp-json\/wp\/v2\/comments?post=5043"}],"version-history":[{"count":4,"href":"https:\/\/ocardoo.com\/en\/wp-json\/wp\/v2\/product\/5043\/revisions"}],"predecessor-version":[{"id":6824,"href":"https:\/\/ocardoo.com\/en\/wp-json\/wp\/v2\/product\/5043\/revisions\/6824"}],"wp:featuredmedia":[{"embeddable":true,"href":"https:\/\/ocardoo.com\/en\/wp-json\/wp\/v2\/media\/5046"}],"wp:attachment":[{"href":"https:\/\/ocardoo.com\/en\/wp-json\/wp\/v2\/media?parent=5043"}],"wp:term":[{"taxonomy":"product_cat","embeddable":true,"href":"https:\/\/ocardoo.com\/en\/wp-json\/wp\/v2\/product_cat?post=5043"},{"taxonomy":"product_tag","embeddable":true,"href":"https:\/\/ocardoo.com\/en\/wp-json\/wp\/v2\/product_tag?post=5043"}],"curies":[{"name":"wp","href":"https:\/\/api.w.org\/{rel}","templated":true}]}}