{"id":5098,"date":"2021-10-07T12:54:22","date_gmt":"2021-10-07T10:54:22","guid":{"rendered":"https:\/\/ocardoo.com\/?post_type=product&#038;p=5098"},"modified":"2024-11-21T21:06:44","modified_gmt":"2024-11-21T20:06:44","slug":"happy-new-year-2022","status":"publish","type":"product","link":"https:\/\/ocardoo.com\/en\/product\/happy-new-year-2022\/","title":{"rendered":"Gruppen-Gl\u00fcckwunschkarte zu Silvester \u201cHappy New Year 2025\u201d"},"content":{"rendered":"<p>W\u00fcnsche f\u00fcr 2025: Dies Jahr soll sehr den guten gleichen. Die Lebenslust soll neu erwachen und Sorgen schnell vergessen machen.<\/p>\n<p>So oder so \u00e4hnlich k\u00f6nnen deine Silvestergr\u00fc\u00dfe an deine Lieben lauten. Doch neben einem netten Spruch kannst du mit einer digitalen Ocardoo Gl\u00fcckwunschkarte zu Silvester nicht nur \u201cHappy New Year 2025\u201d w\u00fcnschen, sondern auch lustige Fotos oder Videos von vergangenen Silvesterpartys einf\u00fcgen oder einfach nochmal das Jahr Revue passieren lassen.<br \/>\nMaybe you can't celebrate together this New Year's Eve, but you still want them to know you're thinking about them. If you were celebrating together, you would have told each other in person tonight. But this is how you send this beautiful, very special card. You can also design the digital greeting card as a group. Especially people who cannot be with you for whatever reason will be able to end the year even better with such dear greetings.<\/p>\n<p>Frohes Neues! Versende Neujahrsw\u00fcnsche 2024 mit<strong> Ocardoo<\/strong> - Simple. Different. Individual.<\/p>","protected":false},"excerpt":{"rendered":"<p>Here's to 2023 being a better year! Send special New Year greetings with Ocardoo.<\/p>","protected":false},"author":20,"featured_media":18475,"comment_status":"open","ping_status":"closed","template":"","meta":{"_acf_changed":false,"inline_featured_image":false,"footnotes":""},"product_cat":[84,91],"product_tag":[431,268,267,269],"class_list":["post-5098","product","type-product","status-publish","has-post-thumbnail","hentry","product_cat-anlaesse","product_cat-neujahr-silvester","product_tag-431","product_tag-happy-new-year","product_tag-neujahr","product_tag-new-year","pa_variante-basic","pa_variante-premium"],"acf":[],"_links":{"self":[{"href":"https:\/\/ocardoo.com\/en\/wp-json\/wp\/v2\/product\/5098","targetHints":{"allow":["GET"]}}],"collection":[{"href":"https:\/\/ocardoo.com\/en\/wp-json\/wp\/v2\/product"}],"about":[{"href":"https:\/\/ocardoo.com\/en\/wp-json\/wp\/v2\/types\/product"}],"author":[{"embeddable":true,"href":"https:\/\/ocardoo.com\/en\/wp-json\/wp\/v2\/users\/20"}],"replies":[{"embeddable":true,"href":"https:\/\/ocardoo.com\/en\/wp-json\/wp\/v2\/comments?post=5098"}],"version-history":[{"count":7,"href":"https:\/\/ocardoo.com\/en\/wp-json\/wp\/v2\/product\/5098\/revisions"}],"predecessor-version":[{"id":18478,"href":"https:\/\/ocardoo.com\/en\/wp-json\/wp\/v2\/product\/5098\/revisions\/18478"}],"wp:featuredmedia":[{"embeddable":true,"href":"https:\/\/ocardoo.com\/en\/wp-json\/wp\/v2\/media\/18475"}],"wp:attachment":[{"href":"https:\/\/ocardoo.com\/en\/wp-json\/wp\/v2\/media?parent=5098"}],"wp:term":[{"taxonomy":"product_cat","embeddable":true,"href":"https:\/\/ocardoo.com\/en\/wp-json\/wp\/v2\/product_cat?post=5098"},{"taxonomy":"product_tag","embeddable":true,"href":"https:\/\/ocardoo.com\/en\/wp-json\/wp\/v2\/product_tag?post=5098"}],"curies":[{"name":"wp","href":"https:\/\/api.w.org\/{rel}","templated":true}]}}