{"id":5183,"date":"2021-10-08T09:10:37","date_gmt":"2021-10-08T07:10:37","guid":{"rendered":"https:\/\/ocardoo.com\/?post_type=product&#038;p=5183"},"modified":"2022-02-18T13:00:49","modified_gmt":"2022-02-18T12:00:49","slug":"hurra-ein-maedchen","status":"publish","type":"product","link":"https:\/\/ocardoo.com\/en\/product\/hurra-ein-maedchen\/","title":{"rendered":"Gl\u00fcckwunschkarte zur Geburt  f\u00fcr ein M\u00e4dchen mit Katze und Luftballons \u201cHurra ein M\u00e4dchen &#8211; Wir freuen uns mit euch\u201d"},"content":{"rendered":"","protected":false},"excerpt":{"rendered":"","protected":false},"author":20,"featured_media":5558,"comment_status":"open","ping_status":"closed","template":"","meta":{"_acf_changed":false,"inline_featured_image":false,"footnotes":""},"product_cat":[98,99],"product_tag":[197,50,199,198,203,200],"class_list":["post-5183","product","type-product","status-publish","has-post-thumbnail","hentry","product_cat-geburt-kind","product_cat-maedchen","product_tag-baby","product_tag-geburt","product_tag-geburtskarte","product_tag-girl","product_tag-katze","product_tag-maedchen","pa_variante-basic","pa_variante-premium"],"acf":[],"_links":{"self":[{"href":"https:\/\/ocardoo.com\/en\/wp-json\/wp\/v2\/product\/5183","targetHints":{"allow":["GET"]}}],"collection":[{"href":"https:\/\/ocardoo.com\/en\/wp-json\/wp\/v2\/product"}],"about":[{"href":"https:\/\/ocardoo.com\/en\/wp-json\/wp\/v2\/types\/product"}],"author":[{"embeddable":true,"href":"https:\/\/ocardoo.com\/en\/wp-json\/wp\/v2\/users\/20"}],"replies":[{"embeddable":true,"href":"https:\/\/ocardoo.com\/en\/wp-json\/wp\/v2\/comments?post=5183"}],"version-history":[{"count":3,"href":"https:\/\/ocardoo.com\/en\/wp-json\/wp\/v2\/product\/5183\/revisions"}],"predecessor-version":[{"id":6878,"href":"https:\/\/ocardoo.com\/en\/wp-json\/wp\/v2\/product\/5183\/revisions\/6878"}],"wp:featuredmedia":[{"embeddable":true,"href":"https:\/\/ocardoo.com\/en\/wp-json\/wp\/v2\/media\/5558"}],"wp:attachment":[{"href":"https:\/\/ocardoo.com\/en\/wp-json\/wp\/v2\/media?parent=5183"}],"wp:term":[{"taxonomy":"product_cat","embeddable":true,"href":"https:\/\/ocardoo.com\/en\/wp-json\/wp\/v2\/product_cat?post=5183"},{"taxonomy":"product_tag","embeddable":true,"href":"https:\/\/ocardoo.com\/en\/wp-json\/wp\/v2\/product_tag?post=5183"}],"curies":[{"name":"wp","href":"https:\/\/api.w.org\/{rel}","templated":true}]}}