{"id":5272,"date":"2021-10-08T11:58:55","date_gmt":"2021-10-08T09:58:55","guid":{"rendered":"https:\/\/ocardoo.com\/?post_type=product&#038;p=5272"},"modified":"2026-03-21T01:50:06","modified_gmt":"2026-03-21T00:50:06","slug":"hello-world","status":"publish","type":"product","link":"https:\/\/ocardoo.com\/en\/product\/hello-world\/","title":{"rendered":"S\u00fc\u00dfe Kinder-Gl\u00fcckwunschkarte zur Geburt Babyb\u00e4r \u201cHello World\u201d"},"content":{"rendered":"","protected":false},"excerpt":{"rendered":"","protected":false},"author":20,"featured_media":5275,"comment_status":"open","ping_status":"closed","template":"","meta":{"_acf_changed":false,"inline_featured_image":false,"footnotes":""},"product_cat":[98,100,99],"product_tag":[197,50,199],"class_list":["post-5272","product","type-product","status-publish","has-post-thumbnail","hentry","product_cat-geburt-kind","product_cat-junge","product_cat-maedchen","product_tag-baby","product_tag-geburt","product_tag-geburtskarte","pa_variante-basic","pa_variante-premium"],"acf":[],"_links":{"self":[{"href":"https:\/\/ocardoo.com\/en\/wp-json\/wp\/v2\/product\/5272","targetHints":{"allow":["GET"]}}],"collection":[{"href":"https:\/\/ocardoo.com\/en\/wp-json\/wp\/v2\/product"}],"about":[{"href":"https:\/\/ocardoo.com\/en\/wp-json\/wp\/v2\/types\/product"}],"author":[{"embeddable":true,"href":"https:\/\/ocardoo.com\/en\/wp-json\/wp\/v2\/users\/20"}],"replies":[{"embeddable":true,"href":"https:\/\/ocardoo.com\/en\/wp-json\/wp\/v2\/comments?post=5272"}],"version-history":[{"count":3,"href":"https:\/\/ocardoo.com\/en\/wp-json\/wp\/v2\/product\/5272\/revisions"}],"predecessor-version":[{"id":6903,"href":"https:\/\/ocardoo.com\/en\/wp-json\/wp\/v2\/product\/5272\/revisions\/6903"}],"wp:featuredmedia":[{"embeddable":true,"href":"https:\/\/ocardoo.com\/en\/wp-json\/wp\/v2\/media\/5275"}],"wp:attachment":[{"href":"https:\/\/ocardoo.com\/en\/wp-json\/wp\/v2\/media?parent=5272"}],"wp:term":[{"taxonomy":"product_cat","embeddable":true,"href":"https:\/\/ocardoo.com\/en\/wp-json\/wp\/v2\/product_cat?post=5272"},{"taxonomy":"product_tag","embeddable":true,"href":"https:\/\/ocardoo.com\/en\/wp-json\/wp\/v2\/product_tag?post=5272"}],"curies":[{"name":"wp","href":"https:\/\/api.w.org\/{rel}","templated":true}]}}