{"id":5288,"date":"2021-10-08T12:23:30","date_gmt":"2021-10-08T10:23:30","guid":{"rendered":"https:\/\/ocardoo.com\/?post_type=product&#038;p=5288"},"modified":"2022-02-21T10:54:53","modified_gmt":"2022-02-21T09:54:53","slug":"zwillinge-herzlichen-glueckwunsch","status":"publish","type":"product","link":"https:\/\/ocardoo.com\/en\/product\/zwillinge-herzlichen-glueckwunsch\/","title":{"rendered":"Niedliche Gl\u00fcckwunschkarte zur Zwillingsgeburt f\u00fcr M\u00e4dchen mit zwei H\u00e4schen \u201cHerzlichen Gl\u00fcckwunsch\u201d"},"content":{"rendered":"","protected":false},"excerpt":{"rendered":"","protected":false},"author":20,"featured_media":5291,"comment_status":"open","ping_status":"closed","template":"","meta":{"_acf_changed":false,"inline_featured_image":false,"footnotes":""},"product_cat":[98,101],"product_tag":[50,199,198,200,244],"class_list":["post-5288","product","type-product","status-publish","has-post-thumbnail","hentry","product_cat-geburt-kind","product_cat-zwillinge","product_tag-geburt","product_tag-geburtskarte","product_tag-girl","product_tag-maedchen","product_tag-zwillinge","pa_variante-basic","pa_variante-premium"],"acf":[],"_links":{"self":[{"href":"https:\/\/ocardoo.com\/en\/wp-json\/wp\/v2\/product\/5288","targetHints":{"allow":["GET"]}}],"collection":[{"href":"https:\/\/ocardoo.com\/en\/wp-json\/wp\/v2\/product"}],"about":[{"href":"https:\/\/ocardoo.com\/en\/wp-json\/wp\/v2\/types\/product"}],"author":[{"embeddable":true,"href":"https:\/\/ocardoo.com\/en\/wp-json\/wp\/v2\/users\/20"}],"replies":[{"embeddable":true,"href":"https:\/\/ocardoo.com\/en\/wp-json\/wp\/v2\/comments?post=5288"}],"version-history":[{"count":3,"href":"https:\/\/ocardoo.com\/en\/wp-json\/wp\/v2\/product\/5288\/revisions"}],"predecessor-version":[{"id":6926,"href":"https:\/\/ocardoo.com\/en\/wp-json\/wp\/v2\/product\/5288\/revisions\/6926"}],"wp:featuredmedia":[{"embeddable":true,"href":"https:\/\/ocardoo.com\/en\/wp-json\/wp\/v2\/media\/5291"}],"wp:attachment":[{"href":"https:\/\/ocardoo.com\/en\/wp-json\/wp\/v2\/media?parent=5288"}],"wp:term":[{"taxonomy":"product_cat","embeddable":true,"href":"https:\/\/ocardoo.com\/en\/wp-json\/wp\/v2\/product_cat?post=5288"},{"taxonomy":"product_tag","embeddable":true,"href":"https:\/\/ocardoo.com\/en\/wp-json\/wp\/v2\/product_tag?post=5288"}],"curies":[{"name":"wp","href":"https:\/\/api.w.org\/{rel}","templated":true}]}}