{"id":5353,"date":"2021-10-08T14:31:10","date_gmt":"2021-10-08T12:31:10","guid":{"rendered":"https:\/\/ocardoo.com\/?post_type=product&#038;p=5353"},"modified":"2022-02-21T10:31:59","modified_gmt":"2022-02-21T09:31:59","slug":"konfirmation-2","status":"publish","type":"product","link":"https:\/\/ocardoo.com\/en\/product\/konfirmation-2\/","title":{"rendered":"Gl\u00fcckwunschkarte zur Konfirmation &#8222;Gl\u00fcck- und Segensw\u00fcnsche&#8220;"},"content":{"rendered":"","protected":false},"excerpt":{"rendered":"","protected":false},"author":20,"featured_media":5356,"comment_status":"open","ping_status":"closed","template":"","meta":{"_acf_changed":false,"inline_featured_image":false,"footnotes":""},"product_cat":[98,104],"product_tag":[253,254],"class_list":["post-5353","product","type-product","status-publish","has-post-thumbnail","hentry","product_cat-geburt-kind","product_cat-konfirmation","product_tag-konfirmation","product_tag-konfirmationskarte","pa_variante-basic","pa_variante-premium"],"acf":[],"_links":{"self":[{"href":"https:\/\/ocardoo.com\/en\/wp-json\/wp\/v2\/product\/5353","targetHints":{"allow":["GET"]}}],"collection":[{"href":"https:\/\/ocardoo.com\/en\/wp-json\/wp\/v2\/product"}],"about":[{"href":"https:\/\/ocardoo.com\/en\/wp-json\/wp\/v2\/types\/product"}],"author":[{"embeddable":true,"href":"https:\/\/ocardoo.com\/en\/wp-json\/wp\/v2\/users\/20"}],"replies":[{"embeddable":true,"href":"https:\/\/ocardoo.com\/en\/wp-json\/wp\/v2\/comments?post=5353"}],"version-history":[{"count":3,"href":"https:\/\/ocardoo.com\/en\/wp-json\/wp\/v2\/product\/5353\/revisions"}],"predecessor-version":[{"id":6916,"href":"https:\/\/ocardoo.com\/en\/wp-json\/wp\/v2\/product\/5353\/revisions\/6916"}],"wp:featuredmedia":[{"embeddable":true,"href":"https:\/\/ocardoo.com\/en\/wp-json\/wp\/v2\/media\/5356"}],"wp:attachment":[{"href":"https:\/\/ocardoo.com\/en\/wp-json\/wp\/v2\/media?parent=5353"}],"wp:term":[{"taxonomy":"product_cat","embeddable":true,"href":"https:\/\/ocardoo.com\/en\/wp-json\/wp\/v2\/product_cat?post=5353"},{"taxonomy":"product_tag","embeddable":true,"href":"https:\/\/ocardoo.com\/en\/wp-json\/wp\/v2\/product_tag?post=5353"}],"curies":[{"name":"wp","href":"https:\/\/api.w.org\/{rel}","templated":true}]}}