{"id":7183,"date":"2022-03-16T16:30:45","date_gmt":"2022-03-16T15:30:45","guid":{"rendered":"https:\/\/ocardoo.com\/?post_type=product&#038;p=7183"},"modified":"2023-11-18T13:20:10","modified_gmt":"2023-11-18T12:20:10","slug":"15-empfaenger-pro-karte","status":"publish","type":"product","link":"https:\/\/ocardoo.com\/en\/product\/15-empfaenger-pro-karte\/","title":{"rendered":"2 to 5 recipients* per card"},"content":{"rendered":"<p>Du m\u00f6chtest eine Gru\u00dfkarte an mehrere Empf\u00e4nger versenden? Dann ist unser Multi-Empf\u00e4nger Paket genau das Richtige. Dein Gru\u00dfkarten-Guthaben verf\u00e4llt nie. Dies bedeutet, dass du je nach Anlass immer wieder eine Gru\u00dfkarte von deinem Guthaben nutzen kannst. Nat\u00fcrlich kannst du je nach Anlass dein gew\u00fcnschtes Motiv ausw\u00e4hlen. Mit unserem Premiummodell k\u00f6nnt ihr sogar Videos und Audio-Dateien auf eure Gru\u00dfkarte hochladen, f\u00fcr mehr Emotionen!<\/p>\n<p>\u2713 Mehrere Empf\u00e4nger pro Karte<br \/>\n\u2713 100 Seiten pro Gru\u00dfkarte<br \/>\n\u2713 No minimum term<br \/>\n\u2713 Choice of motifs per greeting card<\/p>\n<p><strong>Includes the premium model:<\/strong><\/p>\n<p>\u2713 including text and photos<br \/>\n\u2713 including gifs, stickers and emojis<br \/>\n\u2713 including drawing and fonts<br \/>\n\u2713 including video and audio file<\/p>","protected":false},"excerpt":{"rendered":"<p>Du m\u00f6chtest eine Gru\u00dfkarte an mehrere Empf\u00e4nger versenden? Dann ist unser Multi-Empf\u00e4nger Paket genau das Richtige. Dein Gru\u00dfkarten-Guthaben verf\u00e4llt nie. Dies bedeutet, dass du je nach Anlass immer wieder eine [&hellip;]<\/p>","protected":false},"author":1,"featured_media":16625,"comment_status":"open","ping_status":"closed","template":"","meta":{"_acf_changed":false,"inline_featured_image":false,"footnotes":""},"product_cat":[144],"product_tag":[],"class_list":["post-7183","product","type-product","status-publish","has-post-thumbnail","hentry","product_cat-volumenpakete"],"acf":[],"_links":{"self":[{"href":"https:\/\/ocardoo.com\/en\/wp-json\/wp\/v2\/product\/7183","targetHints":{"allow":["GET"]}}],"collection":[{"href":"https:\/\/ocardoo.com\/en\/wp-json\/wp\/v2\/product"}],"about":[{"href":"https:\/\/ocardoo.com\/en\/wp-json\/wp\/v2\/types\/product"}],"author":[{"embeddable":true,"href":"https:\/\/ocardoo.com\/en\/wp-json\/wp\/v2\/users\/1"}],"replies":[{"embeddable":true,"href":"https:\/\/ocardoo.com\/en\/wp-json\/wp\/v2\/comments?post=7183"}],"version-history":[{"count":4,"href":"https:\/\/ocardoo.com\/en\/wp-json\/wp\/v2\/product\/7183\/revisions"}],"predecessor-version":[{"id":7208,"href":"https:\/\/ocardoo.com\/en\/wp-json\/wp\/v2\/product\/7183\/revisions\/7208"}],"wp:featuredmedia":[{"embeddable":true,"href":"https:\/\/ocardoo.com\/en\/wp-json\/wp\/v2\/media\/16625"}],"wp:attachment":[{"href":"https:\/\/ocardoo.com\/en\/wp-json\/wp\/v2\/media?parent=7183"}],"wp:term":[{"taxonomy":"product_cat","embeddable":true,"href":"https:\/\/ocardoo.com\/en\/wp-json\/wp\/v2\/product_cat?post=7183"},{"taxonomy":"product_tag","embeddable":true,"href":"https:\/\/ocardoo.com\/en\/wp-json\/wp\/v2\/product_tag?post=7183"}],"curies":[{"name":"wp","href":"https:\/\/api.w.org\/{rel}","templated":true}]}}