{"id":7514,"date":"2022-04-26T08:14:35","date_gmt":"2022-04-26T06:14:35","guid":{"rendered":"https:\/\/ocardoo.com\/?post_type=product&#038;p=7514"},"modified":"2022-05-16T16:29:05","modified_gmt":"2022-05-16T14:29:05","slug":"gruppen-grusskarte-wir-wuenschen-dir-alles-gute-fuer-die-zukunft-eukalyptus","status":"publish","type":"product","link":"https:\/\/ocardoo.com\/en\/product\/gruppen-grusskarte-wir-wuenschen-dir-alles-gute-fuer-die-zukunft-eukalyptus\/","title":{"rendered":"Gruppen-Gru\u00dfkarte &#8222;Wir w\u00fcnschen Dir alles Gute f\u00fcr die Zukunft&#8220; Eukalyptus"},"content":{"rendered":"","protected":false},"excerpt":{"rendered":"","protected":false},"author":20,"featured_media":7560,"comment_status":"open","ping_status":"closed","template":"","meta":{"_acf_changed":false,"inline_featured_image":false,"footnotes":""},"product_cat":[85,84],"product_tag":[279,308],"class_list":["post-7514","product","type-product","status-publish","has-post-thumbnail","hentry","product_cat-abschied-verlaesst-unternehmen","product_cat-anlaesse","product_tag-abschied","product_tag-berge","pa_variante-basic","pa_variante-premium"],"acf":[],"_links":{"self":[{"href":"https:\/\/ocardoo.com\/en\/wp-json\/wp\/v2\/product\/7514","targetHints":{"allow":["GET"]}}],"collection":[{"href":"https:\/\/ocardoo.com\/en\/wp-json\/wp\/v2\/product"}],"about":[{"href":"https:\/\/ocardoo.com\/en\/wp-json\/wp\/v2\/types\/product"}],"author":[{"embeddable":true,"href":"https:\/\/ocardoo.com\/en\/wp-json\/wp\/v2\/users\/20"}],"replies":[{"embeddable":true,"href":"https:\/\/ocardoo.com\/en\/wp-json\/wp\/v2\/comments?post=7514"}],"version-history":[{"count":2,"href":"https:\/\/ocardoo.com\/en\/wp-json\/wp\/v2\/product\/7514\/revisions"}],"predecessor-version":[{"id":7519,"href":"https:\/\/ocardoo.com\/en\/wp-json\/wp\/v2\/product\/7514\/revisions\/7519"}],"wp:featuredmedia":[{"embeddable":true,"href":"https:\/\/ocardoo.com\/en\/wp-json\/wp\/v2\/media\/7560"}],"wp:attachment":[{"href":"https:\/\/ocardoo.com\/en\/wp-json\/wp\/v2\/media?parent=7514"}],"wp:term":[{"taxonomy":"product_cat","embeddable":true,"href":"https:\/\/ocardoo.com\/en\/wp-json\/wp\/v2\/product_cat?post=7514"},{"taxonomy":"product_tag","embeddable":true,"href":"https:\/\/ocardoo.com\/en\/wp-json\/wp\/v2\/product_tag?post=7514"}],"curies":[{"name":"wp","href":"https:\/\/api.w.org\/{rel}","templated":true}]}}