{"id":8271,"date":"2022-10-06T22:46:56","date_gmt":"2022-10-06T20:46:56","guid":{"rendered":"https:\/\/ocardoo.com\/?post_type=product&#038;p=8271"},"modified":"2022-10-11T20:05:57","modified_gmt":"2022-10-11T18:05:57","slug":"halloweengrusskarte-als-team-happy-halloween-gruselig-und-suess","status":"publish","type":"product","link":"https:\/\/ocardoo.com\/en\/product\/halloweengrusskarte-als-team-happy-halloween-gruselig-und-suess\/","title":{"rendered":"Halloweengru\u00dfkarte als Team &#8222;Happy Halloween&#8220; gruselig und s\u00fc\u00df"},"content":{"rendered":"","protected":false},"excerpt":{"rendered":"","protected":false},"author":20,"featured_media":8276,"comment_status":"open","ping_status":"closed","template":"","meta":{"_acf_changed":false,"inline_featured_image":false,"footnotes":""},"product_cat":[84,319],"product_tag":[323,324,322,320,321],"class_list":["post-8271","product","type-product","status-publish","has-post-thumbnail","hentry","product_cat-anlaesse","product_cat-halloween","product_tag-geist","product_tag-gespenst","product_tag-gruselig","product_tag-halloween","product_tag-kuerbis","pa_variante-basic","pa_variante-premium"],"acf":[],"_links":{"self":[{"href":"https:\/\/ocardoo.com\/en\/wp-json\/wp\/v2\/product\/8271","targetHints":{"allow":["GET"]}}],"collection":[{"href":"https:\/\/ocardoo.com\/en\/wp-json\/wp\/v2\/product"}],"about":[{"href":"https:\/\/ocardoo.com\/en\/wp-json\/wp\/v2\/types\/product"}],"author":[{"embeddable":true,"href":"https:\/\/ocardoo.com\/en\/wp-json\/wp\/v2\/users\/20"}],"replies":[{"embeddable":true,"href":"https:\/\/ocardoo.com\/en\/wp-json\/wp\/v2\/comments?post=8271"}],"version-history":[{"count":2,"href":"https:\/\/ocardoo.com\/en\/wp-json\/wp\/v2\/product\/8271\/revisions"}],"predecessor-version":[{"id":8277,"href":"https:\/\/ocardoo.com\/en\/wp-json\/wp\/v2\/product\/8271\/revisions\/8277"}],"wp:featuredmedia":[{"embeddable":true,"href":"https:\/\/ocardoo.com\/en\/wp-json\/wp\/v2\/media\/8276"}],"wp:attachment":[{"href":"https:\/\/ocardoo.com\/en\/wp-json\/wp\/v2\/media?parent=8271"}],"wp:term":[{"taxonomy":"product_cat","embeddable":true,"href":"https:\/\/ocardoo.com\/en\/wp-json\/wp\/v2\/product_cat?post=8271"},{"taxonomy":"product_tag","embeddable":true,"href":"https:\/\/ocardoo.com\/en\/wp-json\/wp\/v2\/product_tag?post=8271"}],"curies":[{"name":"wp","href":"https:\/\/api.w.org\/{rel}","templated":true}]}}